{"id":616,"date":"2022-03-21T21:59:05","date_gmt":"2022-03-21T21:59:05","guid":{"rendered":"https:\/\/nombredor.com.tr\/EN\/\/?post_type=product&#038;p=616"},"modified":"2022-04-27T14:28:04","modified_gmt":"2022-04-27T14:28:04","slug":"flax-seed-oil-50ml","status":"publish","type":"product","link":"https:\/\/nombredor.com.tr\/EN\/products\/herbal-fixed-oils\/flax-seed-oil-50ml\/","title":{"rendered":"Flax Seed Oil 50ml-250ml"},"content":{"rendered":"<p><strong>Features:<\/strong><\/p>\n<ul>\n<li>Thanks to the antioxidants in its content, it strengthens the immune system, creates a detox effect in the body and helps to remove harmful toxins.<\/li>\n<li>Since it is a fiber source, it supports the regulation of the digestive system and weight loss. It accelerates metabolism.<\/li>\n<li>It is effective in controlling the level of fat in the blood and blood sugar, accelerating blood circulation.<\/li>\n<li>Since it has a natural pain relief effect, it helps prevent joint pain and stiffness.<\/li>\n<li>It helps the main treatment in dry eye.<\/li>\n<\/ul>\n<p><strong>Usage Suggestion:<\/strong><\/p>\n<ul>\n<li>Flaxseed Oil can be consumed by adding 1 teaspoon to a glass of water or food.<\/li>\n<li>Two teaspoon can be consumed in salads for weight loss.<\/li>\n<\/ul>\n<p><strong>Warnings:<\/strong><\/p>\n<ul>\n<li>Keep out of reach of children. Keep tightly closed at room temperature, away from direct sunlight.<\/li>\n<li>Our products are not drugs; It is a herbal supplement.\u00a0It is not recommended for use during pregnancy.<\/li>\n<li>It does not contain parabens, sulfates, synthetic fragrances, synthetic dyes and preservatives.<\/li>\n<li>It is eco-friendly, suitable for vegan use and not tested on animals.<\/li>\n<\/ul>\n<p><strong>Uyar\u0131lar: <\/strong><\/p>\n<ul>\n<li>\u00c7ocuklar\u0131n ula\u015famayaca\u011f\u0131 yerlerde muhafaza ediniz. G\u00f6z ile temas\u0131ndan ka\u00e7\u0131n\u0131n\u0131z, temas halinde bol su ile y\u0131kay\u0131n\u0131z. Oda s\u0131cakl\u0131\u011f\u0131nda, direkt g\u00fcne\u015f \u0131\u015f\u0131\u011f\u0131ndan uzakta, a\u011fz\u0131 s\u0131k\u0131ca kapal\u0131 olarak saklay\u0131n\u0131z.<\/li>\n<li>Paraben, s\u00fclfat, sentetik koku, sentetik boya ve koruyucu i\u00e7ermez. Do\u011fa dostudur, vegan kullan\u0131m\u0131na uygundur ve hayvanlar \u00fczerinde test edilmemi\u015ftir.<\/li>\n<\/ul>\n<p><strong>Packing Type: <\/strong>50 ml \/ 250 ml<\/p>\n","protected":false},"excerpt":{"rendered":"<p><strong>Flax Seed Oil<\/strong><\/p>\n<p><strong>Botanical Name \/ I.N.C.I: Cucurbita Pepo<\/strong><\/p>\n<p><strong>It is not essence or fragrance. The entire product contains 100% Flax Seed <\/strong><strong>Oil<\/strong><strong> homogeneously. It does not contain additives, it is pure and natural. Not diluted with fixed oils.\u00a0<\/strong><strong>\u00a0<\/strong><\/p>\n<p><strong>It is produced using the Cold Press Method.\u00a0<\/strong><strong>\u00a0<\/strong><\/p>\n<p><strong>In accordance with the relevant laws and regulations, no promotion is made regarding herbal supplement products by specifying the name of the disease or indication.<\/strong><\/p>\n","protected":false},"featured_media":617,"template":"","meta":[],"product_cat":[15],"product_tag":[79,76,77,81],"class_list":["post-616","product","type-product","status-publish","has-post-thumbnail","hentry","product_cat-herbal-fixed-oils","product_tag-detox","product_tag-immune-system","product_tag-metabolic-rate","product_tag-weight"],"_links":{"self":[{"href":"https:\/\/nombredor.com.tr\/EN\/wp-json\/wp\/v2\/product\/616","targetHints":{"allow":["GET"]}}],"collection":[{"href":"https:\/\/nombredor.com.tr\/EN\/wp-json\/wp\/v2\/product"}],"about":[{"href":"https:\/\/nombredor.com.tr\/EN\/wp-json\/wp\/v2\/types\/product"}],"wp:featuredmedia":[{"embeddable":true,"href":"https:\/\/nombredor.com.tr\/EN\/wp-json\/wp\/v2\/media\/617"}],"wp:attachment":[{"href":"https:\/\/nombredor.com.tr\/EN\/wp-json\/wp\/v2\/media?parent=616"}],"wp:term":[{"taxonomy":"product_cat","embeddable":true,"href":"https:\/\/nombredor.com.tr\/EN\/wp-json\/wp\/v2\/product_cat?post=616"},{"taxonomy":"product_tag","embeddable":true,"href":"https:\/\/nombredor.com.tr\/EN\/wp-json\/wp\/v2\/product_tag?post=616"}],"curies":[{"name":"wp","href":"https:\/\/api.w.org\/{rel}","templated":true}]}}